{"id":1332,"date":"2026-03-09T18:53:29","date_gmt":"2026-03-09T18:53:29","guid":{"rendered":"https:\/\/bonfirebrewing.com\/taproom\/?page_id=1332"},"modified":"2026-03-13T18:49:35","modified_gmt":"2026-03-13T18:49:35","slug":"affiliate-haftungsausschluss","status":"publish","type":"page","link":"https:\/\/bonfirebrewing.com\/taproom\/affiliate-haftungsausschluss\/","title":{"rendered":"Affiliate-Haftungsausschluss"},"content":{"rendered":"\n<p><strong>elisimone.com<\/strong> enth\u00e4lt Affiliate-Links, was bedeutet, dass wir m\u00f6glicherweise eine Provision verdienen, wenn Sie \u00fcber diese Links Produkte oder Dienstleistungen erwerben. Dies geschieht ohne zus\u00e4tzliche Kosten f\u00fcr Sie.<\/p>\n\n\n\n<h2 class=\"wp-block-heading\">Was bedeutet das f\u00fcr Sie?<\/h2>\n\n\n\n<p>Wenn Sie auf einen Affiliate-Link klicken und eine Transaktion durchf\u00fchren, erhalten wir eine Provision vom Anbieter, ohne dass sich der Preis f\u00fcr Sie erh\u00f6ht. Diese Partnerschaften helfen uns, die Website zu betreiben, Inhalte zu pflegen und Ihnen weiterhin wertvolle Informationen bereitzustellen.<\/p>\n\n\n\n<h2 class=\"wp-block-heading\">Warum nutzen wir Affiliate-Links?<\/h2>\n\n\n\n<p>Die Nutzung von Affiliate-Links erm\u00f6glicht es uns, Ihnen kostenlose Inhalte und Informationen zur Verf\u00fcgung zu stellen, die auf der Grundlage unserer unabh\u00e4ngigen Bewertungen und Recherchen erstellt werden. Wir erhalten eine Provision f\u00fcr Verk\u00e4ufe oder andere Aktionen, die durch unsere Empfehlungen generiert werden, was uns hilft, die Website und die von uns angebotenen Inhalte weiter zu verbessern.<\/p>\n\n\n\n<h2 class=\"wp-block-heading\">Unabh\u00e4ngigkeit und Objektivit\u00e4t<\/h2>\n\n\n\n<p>Unsere Bewertungen und Empfehlungen basieren auf unabh\u00e4ngigen Recherchen und pers\u00f6nlichen Erfahrungen. Affiliate-Partnerschaften beeinflussen niemals die Objektivit\u00e4t oder den Inhalt unserer Bewertungen. Wir empfehlen nur Produkte und Dienstleistungen, die wir selbst f\u00fcr vertrauensw\u00fcrdig und von hoher Qualit\u00e4t halten.<\/p>\n\n\n\n<h2 class=\"wp-block-heading\">Transparenz<\/h2>\n\n\n\n<p>Wir sind stets bem\u00fcht, transparent \u00fcber die Nutzung von Affiliate-Links zu informieren. Wenn Sie also auf einen Link klicken und eine Transaktion vornehmen, kann es sein, dass wir eine Provision erhalten. Diese Einnahmen unterst\u00fctzen uns dabei, die Website auf dem neuesten Stand zu halten und weiterhin wertvolle Inhalte anzubieten.<\/p>\n\n\n\n<h2 class=\"wp-block-heading\">Haftungsausschluss<\/h2>\n\n\n\n<p>Wir \u00fcbernehmen keine Haftung f\u00fcr die Qualit\u00e4t oder die Ergebnisse von Transaktionen, die \u00fcber Affiliate-Links abgeschlossen werden. Alle Transaktionen erfolgen direkt zwischen Ihnen und dem Anbieter. Wir empfehlen Ihnen, sich vor einer Buchung oder einer Zahlung immer die Allgemeinen Gesch\u00e4ftsbedingungen des jeweiligen Anbieters durchzulesen.<\/p>\n","protected":false},"excerpt":{"rendered":"<p>elisimone.com enth\u00e4lt Affiliate-Links, was bedeutet, dass wir m\u00f6glicherweise eine Provision verdienen, wenn Sie \u00fcber diese Links Produkte oder Dienstleistungen erwerben. Dies geschieht ohne zus\u00e4tzliche Kosten f\u00fcr Sie. Was bedeutet das f\u00fcr Sie? Wenn Sie auf einen Affiliate-Link klicken und eine Transaktion durchf\u00fchren, erhalten wir eine Provision vom Anbieter, ohne dass sich der Preis f\u00fcr Sie [&hellip;]<\/p>\n","protected":false},"author":11,"featured_media":1952,"parent":0,"menu_order":0,"comment_status":"closed","ping_status":"closed","template":"tmplt-content.php","meta":{"_acf_changed":false,"footnotes":""},"class_list":["post-1332","page","type-page","status-publish","has-post-thumbnail","hentry"],"acf":[],"yoast_head":"<!-- This site is optimized with the Yoast SEO plugin v27.5 - https:\/\/yoast.com\/product\/yoast-seo-wordpress\/ -->\n<title>Affiliate-Haftungsausschluss<\/title>\n<meta name=\"description\" content=\"Affiliate-Haftungsausschluss: So finanzieren wir die Inhalte, wie Affiliate-Links funktionieren und warum Angebote, Rankings und Bewertungen davon unber\u00fchrt bleiben.\" \/>\n<meta name=\"robots\" content=\"index, follow, max-snippet:-1, max-image-preview:large, max-video-preview:-1\" \/>\n<link rel=\"canonical\" href=\"https:\/\/bonfirebrewing.com\/taproom\/affiliate-haftungsausschluss\/\" \/>\n<meta property=\"og:locale\" content=\"de_DE\" \/>\n<meta property=\"og:type\" content=\"article\" \/>\n<meta property=\"og:title\" content=\"Affiliate-Haftungsausschluss\" \/>\n<meta property=\"og:description\" content=\"Affiliate-Haftungsausschluss: So finanzieren wir die Inhalte, wie Affiliate-Links funktionieren und warum Angebote, Rankings und Bewertungen davon unber\u00fchrt bleiben.\" \/>\n<meta property=\"og:url\" content=\"https:\/\/bonfirebrewing.com\/taproom\/affiliate-haftungsausschluss\/\" \/>\n<meta property=\"og:site_name\" content=\"BONFIREBREWING\" \/>\n<meta property=\"article:modified_time\" content=\"2026-03-13T18:49:35+00:00\" \/>\n<meta property=\"og:image\" content=\"https:\/\/bonfirebrewing.com\/taproom\/wp-content\/uploads\/Affiliate-Haftungsausschluss.webp\" \/>\n\t<meta property=\"og:image:width\" content=\"1280\" \/>\n\t<meta property=\"og:image:height\" content=\"720\" \/>\n\t<meta property=\"og:image:type\" content=\"image\/webp\" \/>\n<meta name=\"twitter:card\" content=\"summary_large_image\" \/>\n<meta name=\"twitter:label1\" content=\"Gesch\u00e4tzte Lesezeit\" \/>\n\t<meta name=\"twitter:data1\" content=\"2\u00a0Minuten\" \/>\n<!-- \/ Yoast SEO plugin. -->","yoast_head_json":{"title":"Affiliate-Haftungsausschluss","description":"Affiliate-Haftungsausschluss: So finanzieren wir die Inhalte, wie Affiliate-Links funktionieren und warum Angebote, Rankings und Bewertungen davon unber\u00fchrt bleiben.","robots":{"index":"index","follow":"follow","max-snippet":"max-snippet:-1","max-image-preview":"max-image-preview:large","max-video-preview":"max-video-preview:-1"},"canonical":"https:\/\/bonfirebrewing.com\/taproom\/affiliate-haftungsausschluss\/","og_locale":"de_DE","og_type":"article","og_title":"Affiliate-Haftungsausschluss","og_description":"Affiliate-Haftungsausschluss: So finanzieren wir die Inhalte, wie Affiliate-Links funktionieren und warum Angebote, Rankings und Bewertungen davon unber\u00fchrt bleiben.","og_url":"https:\/\/bonfirebrewing.com\/taproom\/affiliate-haftungsausschluss\/","og_site_name":"BONFIREBREWING","article_modified_time":"2026-03-13T18:49:35+00:00","og_image":[{"width":1280,"height":720,"url":"https:\/\/bonfirebrewing.com\/taproom\/wp-content\/uploads\/Affiliate-Haftungsausschluss.webp","type":"image\/webp"}],"twitter_card":"summary_large_image","twitter_misc":{"Gesch\u00e4tzte Lesezeit":"2\u00a0Minuten"},"schema":{"@context":"https:\/\/schema.org","@graph":[{"@type":"WebPage","@id":"https:\/\/bonfirebrewing.com\/taproom\/affiliate-haftungsausschluss\/","url":"https:\/\/bonfirebrewing.com\/taproom\/affiliate-haftungsausschluss\/","name":"Affiliate-Haftungsausschluss","isPartOf":{"@id":"https:\/\/bonfirebrewing.com\/taproom\/#website"},"primaryImageOfPage":{"@id":"https:\/\/bonfirebrewing.com\/taproom\/affiliate-haftungsausschluss\/#primaryimage"},"image":{"@id":"https:\/\/bonfirebrewing.com\/taproom\/affiliate-haftungsausschluss\/#primaryimage"},"thumbnailUrl":"https:\/\/bonfirebrewing.com\/taproom\/wp-content\/uploads\/Affiliate-Haftungsausschluss.webp","datePublished":"2026-03-09T18:53:29+00:00","dateModified":"2026-03-13T18:49:35+00:00","description":"Affiliate-Haftungsausschluss: So finanzieren wir die Inhalte, wie Affiliate-Links funktionieren und warum Angebote, Rankings und Bewertungen davon unber\u00fchrt bleiben.","breadcrumb":{"@id":"https:\/\/bonfirebrewing.com\/taproom\/affiliate-haftungsausschluss\/#breadcrumb"},"inLanguage":"de","potentialAction":[{"@type":"ReadAction","target":["https:\/\/bonfirebrewing.com\/taproom\/affiliate-haftungsausschluss\/"]}]},{"@type":"ImageObject","inLanguage":"de","@id":"https:\/\/bonfirebrewing.com\/taproom\/affiliate-haftungsausschluss\/#primaryimage","url":"https:\/\/bonfirebrewing.com\/taproom\/wp-content\/uploads\/Affiliate-Haftungsausschluss.webp","contentUrl":"https:\/\/bonfirebrewing.com\/taproom\/wp-content\/uploads\/Affiliate-Haftungsausschluss.webp","width":1280,"height":720,"caption":"Affiliate-Haftungsausschluss"},{"@type":"BreadcrumbList","@id":"https:\/\/bonfirebrewing.com\/taproom\/affiliate-haftungsausschluss\/#breadcrumb","itemListElement":[{"@type":"ListItem","position":1,"name":"Home","item":"https:\/\/bonfirebrewing.com\/taproom\/"},{"@type":"ListItem","position":2,"name":"Affiliate-Haftungsausschluss"}]},{"@type":"WebSite","@id":"https:\/\/bonfirebrewing.com\/taproom\/#website","url":"https:\/\/bonfirebrewing.com\/taproom\/","name":"BONFIREBREWING","description":"","publisher":{"@id":"https:\/\/bonfirebrewing.com\/taproom\/#organization"},"potentialAction":[{"@type":"SearchAction","target":{"@type":"EntryPoint","urlTemplate":"https:\/\/bonfirebrewing.com\/taproom\/?s={search_term_string}"},"query-input":{"@type":"PropertyValueSpecification","valueRequired":true,"valueName":"search_term_string"}}],"inLanguage":"de"},{"@type":"Organization","@id":"https:\/\/bonfirebrewing.com\/taproom\/#organization","name":"BONFIREBREWING","url":"https:\/\/bonfirebrewing.com\/taproom\/","logo":{"@type":"ImageObject","inLanguage":"de","@id":"https:\/\/bonfirebrewing.com\/taproom\/#\/schema\/logo\/image\/","url":"https:\/\/bonfirebrewing.com\/taproom\/wp-content\/uploads\/bonfirebrewing.com-logo-con-1.webp","contentUrl":"https:\/\/bonfirebrewing.com\/taproom\/wp-content\/uploads\/bonfirebrewing.com-logo-con-1.webp","width":1417,"height":552,"caption":"BONFIREBREWING"},"image":{"@id":"https:\/\/bonfirebrewing.com\/taproom\/#\/schema\/logo\/image\/"}}]}},"_links":{"self":[{"href":"https:\/\/bonfirebrewing.com\/taproom\/wp-json\/wp\/v2\/pages\/1332","targetHints":{"allow":["GET"]}}],"collection":[{"href":"https:\/\/bonfirebrewing.com\/taproom\/wp-json\/wp\/v2\/pages"}],"about":[{"href":"https:\/\/bonfirebrewing.com\/taproom\/wp-json\/wp\/v2\/types\/page"}],"author":[{"embeddable":true,"href":"https:\/\/bonfirebrewing.com\/taproom\/wp-json\/wp\/v2\/users\/11"}],"replies":[{"embeddable":true,"href":"https:\/\/bonfirebrewing.com\/taproom\/wp-json\/wp\/v2\/comments?post=1332"}],"version-history":[{"count":5,"href":"https:\/\/bonfirebrewing.com\/taproom\/wp-json\/wp\/v2\/pages\/1332\/revisions"}],"predecessor-version":[{"id":2095,"href":"https:\/\/bonfirebrewing.com\/taproom\/wp-json\/wp\/v2\/pages\/1332\/revisions\/2095"}],"wp:featuredmedia":[{"embeddable":true,"href":"https:\/\/bonfirebrewing.com\/taproom\/wp-json\/wp\/v2\/media\/1952"}],"wp:attachment":[{"href":"https:\/\/bonfirebrewing.com\/taproom\/wp-json\/wp\/v2\/media?parent=1332"}],"curies":[{"name":"wp","href":"https:\/\/api.w.org\/{rel}","templated":true}]}}